{"id":135,"date":"2025-07-24T18:16:46","date_gmt":"2025-07-24T18:16:46","guid":{"rendered":"https:\/\/teszarypeter.hu\/?post_type=informacios-oldal&#038;p=135"},"modified":"2025-07-24T18:16:46","modified_gmt":"2025-07-24T18:16:46","slug":"impresszum","status":"publish","type":"page","link":"https:\/\/teszarypeter.hu\/en\/impresszum\/","title":{"rendered":"Imprint"},"content":{"rendered":"<p>P\u00e9ter Tesz\u00e1ry \u2013 sole trader<\/p>\n\n\n\n<p>Registered office: 6772 Deszk, B\u00e9ke u 37\/c<\/p>\n\n\n\n<p>E-mail: hello@peterteszary.com<\/p>\n\n\n\n<p>Start of Entrepreneurship: 2020.02.01.<\/p>\n\n\n\n<p>Registration number: 54532441<\/p>\n\n\n\n<p>Registering authority: Ministry of Interior<\/p>\n\n\n\n<p>Tax number: 55802699-1-26<\/p>\n\n\n\n<p>Professional advocacy body: Chamber of Commerce and Industry<\/p>\n\n\n\n<p>Hosting provider:<\/p>\n\n\n\n<p>Subscriber's data is managed by Contabo GmbH.<\/p>\n\n\n\n<p>Registered office: Germany, 81549 Munich, Aschauer Stra\u00dfe 32a<\/p>\n\n\n\n<p>Court of Registration: AG Munich<\/p>\n\n\n\n<p>Registration number: HRB 180722<\/p>\n\n\n\n<p>Tax number: DE267602842<\/p>\n\n\n\n<p>Website address: www.contabo.com<\/p>\n\n\n\n<p>Customer Service Central e-mail address: info@contabo.de<\/p>\n\n\n\n<p>Customer Service Phone Number: +49 (89) 3564717-71<\/p>","protected":false},"excerpt":{"rendered":"<p>P\u00e9ter Tesz\u00e1ry \u2013 self-employed Headquarters: 6772 Deszk, B\u00e9ke u 37\/c Email: hello@peterteszary.com Start of business activity: 2020.02.01. Registration number: 54532441 Registering authority: Ministry of Interior Tax number: 55802699-1-26 Professional interest representative body: Chamber of Commerce and Industry Hosting provider: Subscriber's data is managed by Contabo GmbH. Registered office: Germany, 81549 Munich, Aschauer Stra\u00dfe 32a Court of Registration: AG Munich Registration number: HRB 180722 Tax number: [...]<\/p>","protected":false},"author":2,"featured_media":0,"parent":0,"menu_order":0,"comment_status":"closed","ping_status":"closed","template":"","meta":{"slim_seo":{"title":"Impresszum - Tesz\u00e1ry P\u00e9ter","description":"Tesz\u00e1ry P\u00e9ter \u2013 egy\u00e9ni v\u00e1llalkoz\u00f3 Sz\u00e9khely: 6772 Deszk, B\u00e9ke u 37\/c Email: hello@peterteszary.com V\u00e1llalkoz\u00f3i tev\u00e9kenys\u00e9g kezdete: 2020.02.01. Nyilv\u00e1ntart\u00e1si sz"},"footnotes":""},"class_list":["post-135","page","type-page","status-publish","hentry"],"_links":{"self":[{"href":"https:\/\/teszarypeter.hu\/en\/wp-json\/wp\/v2\/pages\/135","targetHints":{"allow":["GET"]}}],"collection":[{"href":"https:\/\/teszarypeter.hu\/en\/wp-json\/wp\/v2\/pages"}],"about":[{"href":"https:\/\/teszarypeter.hu\/en\/wp-json\/wp\/v2\/types\/page"}],"author":[{"embeddable":true,"href":"https:\/\/teszarypeter.hu\/en\/wp-json\/wp\/v2\/users\/2"}],"replies":[{"embeddable":true,"href":"https:\/\/teszarypeter.hu\/en\/wp-json\/wp\/v2\/comments?post=135"}],"version-history":[{"count":0,"href":"https:\/\/teszarypeter.hu\/en\/wp-json\/wp\/v2\/pages\/135\/revisions"}],"wp:attachment":[{"href":"https:\/\/teszarypeter.hu\/en\/wp-json\/wp\/v2\/media?parent=135"}],"curies":[{"name":"wp","href":"https:\/\/api.w.org\/{rel}","templated":true}]}}