{"id":15,"date":"2024-10-23T06:40:08","date_gmt":"2024-10-23T06:40:08","guid":{"rendered":"https:\/\/teszarypeter.hu\/?page_id=15"},"modified":"2025-10-24T12:27:15","modified_gmt":"2025-10-24T10:27:15","slug":"rolam","status":"publish","type":"page","link":"https:\/\/teszarypeter.hu\/en\/rolam\/","title":{"rendered":"About me"},"content":{"rendered":"<h2 class=\"wp-block-tpgb-tp-heading tp-core-heading tpgb-block-4cd8_15  tpgb-block-h2-style_global39374\">I am P\u00e9ter Tesz\u00e1ry<\/h2>\n\n\n\n<h3 class=\"wp-block-tpgb-tp-heading tp-core-heading tpgb-block-5fd6_15  tpgb-block-h3_global85289\">Welcome to my side.<\/h3>\n\n\n\n<p class=\"has-nxt-global-color-8-color has-text-color has-link-color wp-elements-a2ecc5825184122139cabaa8d6146bf2\">This is my personal website that has no real purpose. The only purpose is to let you know about my work and hobbies here. Of course, there is also an experimental aspect to the site, namely to operate the entire site with free tools and to get used to the opportunities provided by Gutenberg. If you would like to know more about my studies and work so far, you can do it under CV when it comes up. <br><br>Anyway, I'm glad you're here. I'm glad you found the site useful. Everything will be constantly changing on the interface, so I hope you visit it often. <br><br>Thank you,<br>Peter<\/p>\n\n\n\n\n\n<div class=\"wp-block-tpgb-tp-image tpgb-image tpgb-block-ab58_15\"><figure class=\"tpgb-figure\"><img decoding=\"async\" width=\"512\" height=\"512\" src=\"https:\/\/teszarypeter.hu\/wp-content\/uploads\/2024\/10\/cropped-Profile-pic.png\" alt=\"Peter Tesz\u00e1ry\" class=\"tpgb-img-inner wp-image-47\" loading=\"lazy\" srcset=\"https:\/\/teszarypeter.hu\/wp-content\/uploads\/2024\/10\/cropped-Profile-pic.png 512w, https:\/\/teszarypeter.hu\/wp-content\/uploads\/2024\/10\/cropped-Profile-pic-300x300.png 300w, https:\/\/teszarypeter.hu\/wp-content\/uploads\/2024\/10\/cropped-Profile-pic-150x150.png 150w, https:\/\/teszarypeter.hu\/wp-content\/uploads\/2024\/10\/cropped-Profile-pic-270x270.png 270w, https:\/\/teszarypeter.hu\/wp-content\/uploads\/2024\/10\/cropped-Profile-pic-192x192.png 192w, https:\/\/teszarypeter.hu\/wp-content\/uploads\/2024\/10\/cropped-Profile-pic-180x180.png 180w, https:\/\/teszarypeter.hu\/wp-content\/uploads\/2024\/10\/cropped-Profile-pic-32x32.png 32w\" sizes=\"auto, (max-width: 512px) 100vw, 512px\" \/><\/figure><\/div>\n\n\n\n\n\n<hr class=\"wp-block-separator has-alpha-channel-opacity\"\/>\n\n\n\n\n\n<h3 class=\"wp-block-tpgb-tp-heading tp-core-heading tpgb-block-be83_15  tpgb-block-h2-style_global39374\">In professional life..<\/h3>\n\n\n\n<div class=\"tpgb-pro-paragraph tpgb-block-dded_15\"><div class=\"pro-paragraph-inner\"><p>I also have a professional website. peterteszary.com is the center of my business. I started working on WordPress sites in 2016 and started my own business in 2019. I have helped countless individuals and businesses to build their websites and webshops. <br><br>My professional curiosity took me further in the meantime and I became a software developer. So today I am not only able to solve \u2018simple\u2019 websites, but I also perform complex development tasks. If you are interested in my professional reference and what I do in my work, visit the site.<\/p><\/div><\/div>\n\n\n\n<div class=\"wp-block-tpgb-tp-button-core tp-button-core tpgb-block-1c53_15 tpgb-block-tp-button-cta_global36109\"><a href=\"https:\/\/peterteszary.com\/\" target=\"_self\" rel=\"follow noopener\" class=\"tpgb-btn-link\"><span class=\"tpgb-btn-wrap\"><span class=\"tpgb-btn-txt\">peterteszary.com<\/span><\/span><\/a><\/div>\n\n\n\n\n\n<figure class=\"wp-block-image size-large\"><img loading=\"lazy\" decoding=\"async\" width=\"1024\" height=\"515\" src=\"https:\/\/teszarypeter.hu\/wp-content\/uploads\/2025\/07\/image-1024x515.png\" alt=\"image\" class=\"wp-image-648\" srcset=\"https:\/\/teszarypeter.hu\/wp-content\/uploads\/2025\/07\/image-1024x515.png 1024w, https:\/\/teszarypeter.hu\/wp-content\/uploads\/2025\/07\/image-300x151.png 300w, https:\/\/teszarypeter.hu\/wp-content\/uploads\/2025\/07\/image-768x386.png 768w, https:\/\/teszarypeter.hu\/wp-content\/uploads\/2025\/07\/image-1536x772.png 1536w, https:\/\/teszarypeter.hu\/wp-content\/uploads\/2025\/07\/image.png 1860w\" sizes=\"auto, (max-width: 1024px) 100vw, 1024px\" \/><\/figure>\n\n\n\n\n\n<p><\/p>","protected":false},"excerpt":{"rendered":"","protected":false},"author":2,"featured_media":0,"parent":0,"menu_order":0,"comment_status":"closed","ping_status":"closed","template":"","meta":{"slim_seo":{"title":"R\u00f3lam - Tesz\u00e1ry P\u00e9ter","description":"R\u00f3lam Tesz\u00e1ry P\u00e9ter vagyok \u00dcdv\u00f6z\u00f6llek az oldalamon! Ez a szem\u00e9lyes weboldalam, aminek nincsen igazi c\u00e9lja. Az egyetlen c\u00e9l, hogy itt k\u00f6z\u00f6lhessem a munk\u00e1mmal, ho"},"footnotes":""},"class_list":["post-15","page","type-page","status-publish","hentry"],"_links":{"self":[{"href":"https:\/\/teszarypeter.hu\/en\/wp-json\/wp\/v2\/pages\/15","targetHints":{"allow":["GET"]}}],"collection":[{"href":"https:\/\/teszarypeter.hu\/en\/wp-json\/wp\/v2\/pages"}],"about":[{"href":"https:\/\/teszarypeter.hu\/en\/wp-json\/wp\/v2\/types\/page"}],"author":[{"embeddable":true,"href":"https:\/\/teszarypeter.hu\/en\/wp-json\/wp\/v2\/users\/2"}],"replies":[{"embeddable":true,"href":"https:\/\/teszarypeter.hu\/en\/wp-json\/wp\/v2\/comments?post=15"}],"version-history":[{"count":0,"href":"https:\/\/teszarypeter.hu\/en\/wp-json\/wp\/v2\/pages\/15\/revisions"}],"wp:attachment":[{"href":"https:\/\/teszarypeter.hu\/en\/wp-json\/wp\/v2\/media?parent=15"}],"curies":[{"name":"wp","href":"https:\/\/api.w.org\/{rel}","templated":true}]}}