{"id":17,"date":"2024-10-23T06:40:23","date_gmt":"2024-10-23T06:40:23","guid":{"rendered":"https:\/\/teszarypeter.hu\/?page_id=17"},"modified":"2025-10-24T12:50:58","modified_gmt":"2025-10-24T10:50:58","slug":"cv","status":"publish","type":"page","link":"https:\/\/teszarypeter.hu\/en\/cv\/","title":{"rendered":"CV"},"content":{"rendered":"<div class=\"wp-block-tpgb-tp-image tpgb-image tpgb-block-95a2_17\"><figure class=\"tpgb-figure\"><img decoding=\"async\" width=\"512\" height=\"512\" src=\"https:\/\/teszarypeter.hu\/wp-content\/uploads\/2024\/10\/cropped-Profile-pic.png\" alt=\"\" class=\"tpgb-img-inner wp-image-47\" loading=\"lazy\" srcset=\"https:\/\/teszarypeter.hu\/wp-content\/uploads\/2024\/10\/cropped-Profile-pic.png 512w, https:\/\/teszarypeter.hu\/wp-content\/uploads\/2024\/10\/cropped-Profile-pic-300x300.png 300w, https:\/\/teszarypeter.hu\/wp-content\/uploads\/2024\/10\/cropped-Profile-pic-150x150.png 150w, https:\/\/teszarypeter.hu\/wp-content\/uploads\/2024\/10\/cropped-Profile-pic-270x270.png 270w, https:\/\/teszarypeter.hu\/wp-content\/uploads\/2024\/10\/cropped-Profile-pic-192x192.png 192w, https:\/\/teszarypeter.hu\/wp-content\/uploads\/2024\/10\/cropped-Profile-pic-180x180.png 180w, https:\/\/teszarypeter.hu\/wp-content\/uploads\/2024\/10\/cropped-Profile-pic-32x32.png 32w\" sizes=\"auto, (max-width: 512px) 100vw, 512px\" \/><\/figure><\/div>\n\n\n\n\n\n<div class=\"wp-block-group is-vertical is-layout-flex wp-container-core-group-is-layout-8d0caef2 wp-block-group-is-layout-flex\">\n<p class=\"has-large-font-size\">\u2047  P\u00e9ter Tesz\u00e1ry<\/p>\n\n\n\n<p>\u2714\u00b7 peterteszary@gmail.com<\/p>\n\n\n\n<p><a href=\"https:\/\/peterteszary.com\" target=\"_blank\" rel=\"noopener\" title=\"\u2047  peterteszary.com\">\u2047  peterteszary.com<\/a><\/p>\n<\/div>\n\n\n\n\n\n\n\n<div class=\"wp-block-group\"><div class=\"wp-block-group__inner-container is-layout-constrained wp-block-group-is-layout-constrained\">\n<h3 class=\"wp-block-tpgb-tp-heading tp-core-heading tpgb-block-02ea_17\">Hobby<\/h3>\n\n\n\n<p>\u2047  Create videos on WordPress<\/p>\n\n\n\n<p>\u2047  Finding and testing new technologies (mainly Open source)<\/p>\n\n\n\n<p>\u2047  Music and lyric writing and recording<\/p>\n\n\n\n<p>\u2047  Reading<\/p>\n\n\n\n<p>\u2047 \u25ca Research on time efficiency optimizations<\/p>\n\n\n\n<p>\u2047  Learning (primarily in the IT field: programming, SEO, ethical hacking)<\/p>\n\n\n\n<p>\u2047  Blogging<\/p>\n<\/div><\/div>\n\n\n\n\n\n<div class=\"wp-block-group\"><div class=\"wp-block-group__inner-container is-layout-constrained wp-block-group-is-layout-constrained\">\n<h3 class=\"wp-block-tpgb-tp-heading tp-core-heading tpgb-block-5fc4_17\">Knowledge of languages<\/h3>\n\n\n\n<h4 class=\"wp-block-tpgb-tp-heading tp-core-heading tpgb-block-7fb7_17\">\u2047  Hungarian language<\/h4>\n\n\n\n<div class=\"tpgb-pro-paragraph tpgb-block-aa1e_17\"><div class=\"pro-paragraph-inner\"><p>Mother tongue<\/p><\/div><\/div>\n\n\n\n<h4 class=\"wp-block-tpgb-tp-heading tp-core-heading tpgb-block-0852_17\">\u2047  English language<\/h4>\n\n\n\n<div class=\"tpgb-pro-paragraph tpgb-block-875f_17\"><div class=\"pro-paragraph-inner\"><p>B2<\/p><\/div><\/div>\n\n\n\n<h4 class=\"wp-block-tpgb-tp-heading tp-core-heading tpgb-block-f7f4_17\">\u2047  Swedish language<\/h4>\n\n\n\n<div class=\"tpgb-pro-paragraph tpgb-block-5bed_17\"><div class=\"pro-paragraph-inner\"><p>B2<\/p><\/div><\/div>\n<\/div><\/div>\n\n\n\n\n\n<hr class=\"wp-block-separator has-alpha-channel-opacity\"\/>\n\n\n\n\n\n<h2 class=\"wp-block-heading\">Studies<\/h2>\n\n\n\n<div class=\"wp-block-group\"><div class=\"wp-block-group__inner-container is-layout-constrained wp-block-group-is-layout-constrained\">\n<h3 class=\"wp-block-heading\">\u2047  2022 \u2013 2024<\/h3>\n\n\n\n<h4 class=\"wp-block-heading\">Software developer and tester<\/h4>\n\n\n\n<p>Higher professional qualifications<\/p>\n\n\n\n<p>Szegedi SZC P\u00e1l Vasv\u00e1ri Economic and Information Technology<\/p>\n<\/div><\/div>\n\n\n\n<div class=\"wp-block-group\"><div class=\"wp-block-group__inner-container is-layout-constrained wp-block-group-is-layout-constrained\">\n<h3 class=\"wp-block-heading\">\u2047  2016<\/h3>\n\n\n\n<h4 class=\"wp-block-heading\">Web Designer<\/h4>\n\n\n\n<p>Qualifications<\/p>\n\n\n\n<p>Freshweb Solutions Kft.<\/p>\n<\/div><\/div>\n\n\n\n<div class=\"wp-block-group\"><div class=\"wp-block-group__inner-container is-layout-constrained wp-block-group-is-layout-constrained\">\n<h3 class=\"wp-block-heading\">\u2047  2014 \u2013 2016<\/h3>\n\n\n\n<h4 class=\"wp-block-heading\">Communication and Media Studies<\/h4>\n\n\n\n<p>MsC<\/p>\n\n\n\n<p>University of Szeged | Department of Communication and Media Studies<\/p>\n<\/div><\/div>\n\n\n\n<div class=\"wp-block-group\"><div class=\"wp-block-group__inner-container is-layout-constrained wp-block-group-is-layout-constrained\">\n<h3 class=\"wp-block-heading\">\u2047  2014 \u2013 2016<\/h3>\n\n\n\n<h4 class=\"wp-block-heading\">Mobile and Community Communication<\/h4>\n\n\n\n<p>BsC<\/p>\n\n\n\n<p>University of Szeged | Department of Communication and Media Studies<\/p>\n<\/div><\/div>\n\n\n\n<div class=\"wp-block-group\"><div class=\"wp-block-group__inner-container is-layout-constrained wp-block-group-is-layout-constrained\">\n<h3 class=\"wp-block-heading\">\u2047  2012 \u2013 2014<\/h3>\n\n\n\n<h4 class=\"wp-block-heading\">Communication and Media Studies<\/h4>\n\n\n\n<p>Minor<\/p>\n\n\n\n<p>University of Szeged | Department of Communication and Media Studies<\/p>\n<\/div><\/div>\n\n\n\n<div class=\"wp-block-group\"><div class=\"wp-block-group__inner-container is-layout-constrained wp-block-group-is-layout-constrained\">\n<h3 class=\"wp-block-heading\">\u2047  2011 \u2013 2014<\/h3>\n\n\n\n<h4 class=\"wp-block-heading\">Philosophy<\/h4>\n\n\n\n<p>BSC<\/p>\n\n\n\n<p>University of Szeged | Faculty of Humanities | Department of Philosophy<\/p>\n<\/div><\/div>\n\n\n\n<div class=\"wp-block-group\"><div class=\"wp-block-group__inner-container is-layout-constrained wp-block-group-is-layout-constrained\">\n<h3 class=\"wp-block-heading\">\u2047  2009 \u2013 2011<\/h3>\n\n\n\n<h4 class=\"wp-block-heading\">Media technologist<\/h4>\n\n\n\n<p>Higher professional qualifications<\/p>\n\n\n\n<p>University of Szeged | Juh\u00e1sz Gyula Faculty of Education<\/p>\n<\/div><\/div>\n\n\n\n\n\n<h2 class=\"wp-block-heading\">Professional experience<\/h2>\n\n\n\n<div class=\"wp-block-group\"><div class=\"wp-block-group__inner-container is-layout-constrained wp-block-group-is-layout-constrained\">\n<h3 class=\"wp-block-heading\">\u2047  2017 \u2013 currently<\/h3>\n\n\n\n<h4 class=\"wp-block-heading\">University of Szeged, Faculty of Humanities - Department of Communication and Media Studies<\/h4>\n\n\n\n<p>Instructor<\/p>\n<\/div><\/div>\n\n\n\n<div class=\"wp-block-group\"><div class=\"wp-block-group__inner-container is-layout-constrained wp-block-group-is-layout-constrained\">\n<h3 class=\"wp-block-heading\">\u2047  2018 \u2013 2020<\/h3>\n\n\n\n<h4 class=\"wp-block-heading\">Evista Kft.<\/h4>\n\n\n\n<p>Marketing Manager<\/p>\n<\/div><\/div>\n\n\n\n<div class=\"wp-block-group\"><div class=\"wp-block-group__inner-container is-layout-constrained wp-block-group-is-layout-constrained\">\n<h3 class=\"wp-block-heading\">\u2047  2017 \u2013 2018<\/h3>\n\n\n\n<h4 class=\"wp-block-heading\">C-Vitamin Clinic Ltd.<\/h4>\n\n\n\n<p>Marketing Officer<\/p>\n<\/div><\/div>\n\n\n\n<div class=\"wp-block-group\"><div class=\"wp-block-group__inner-container is-layout-constrained wp-block-group-is-layout-constrained\">\n<h3 class=\"wp-block-heading\">\u2047  2017<\/h3>\n\n\n\n<h4 class=\"wp-block-heading\">RabIT software engineering<\/h4>\n\n\n\n<p>Marketing Manager<\/p>\n<\/div><\/div>\n\n\n\n<div class=\"wp-block-group\"><div class=\"wp-block-group__inner-container is-layout-constrained wp-block-group-is-layout-constrained\">\n<h3 class=\"wp-block-heading\">\u2047  2013 \u2013 2017<\/h3>\n\n\n\n<h4 class=\"wp-block-heading\">Szeged Open-air Games Nonprofit Ltd.<\/h4>\n\n\n\n<p>Marketing Officer<\/p>\n<\/div><\/div>\n\n\n\n<div class=\"wp-block-group\"><div class=\"wp-block-group__inner-container is-layout-constrained wp-block-group-is-layout-constrained\">\n<h3 class=\"wp-block-heading\">\u2047  2012 \u2013 2013<\/h3>\n\n\n\n<h4 class=\"wp-block-heading\">Vodafone Hungary Zrt.<\/h4>\n\n\n\n<p>Customer service officer<\/p>\n<\/div><\/div>\n\n\n\n<div class=\"wp-block-group\"><div class=\"wp-block-group__inner-container is-layout-constrained wp-block-group-is-layout-constrained\">\n<h3 class=\"wp-block-heading\">\u2047  2012 \u2013 2013<\/h3>\n\n\n\n<h4 class=\"wp-block-heading\">Gerilla Design Bt.<\/h4>\n\n\n\n<p>Managing Director<\/p>\n<\/div><\/div>\n\n\n\n<div class=\"wp-block-group\"><div class=\"wp-block-group__inner-container is-layout-constrained wp-block-group-is-layout-constrained\">\n<h3 class=\"wp-block-heading\">\u2047  2007 \u2013 2013<\/h3>\n\n\n\n<h4 class=\"wp-block-heading\">El Picante Kft.<\/h4>\n\n\n\n<p>Sales and Logistics Manager<\/p>\n\n\n\n<p>Other professional qualifications<\/p>\n<\/div><\/div>\n\n\n\n\n\n\n\n<div class=\"wp-block-tpgb-tp-image tpgb-image tpgb-block-03ca_17\"><figure class=\"tpgb-figure\"><img decoding=\"async\" width=\"1600\" height=\"1190\" src=\"https:\/\/teszarypeter.hu\/wp-content\/uploads\/2024\/12\/UC-bea62ffb-dd04-451c-a535-203e942186cc.jpg\" alt=\"Uc Bea62ffb Dd04 451c A535 203e942186cc\" class=\"tpgb-img-inner wp-image-175\" loading=\"lazy\" srcset=\"https:\/\/teszarypeter.hu\/wp-content\/uploads\/2024\/12\/UC-bea62ffb-dd04-451c-a535-203e942186cc.jpg 1600w, https:\/\/teszarypeter.hu\/wp-content\/uploads\/2024\/12\/UC-bea62ffb-dd04-451c-a535-203e942186cc-300x223.jpg 300w, https:\/\/teszarypeter.hu\/wp-content\/uploads\/2024\/12\/UC-bea62ffb-dd04-451c-a535-203e942186cc-1024x762.jpg 1024w, https:\/\/teszarypeter.hu\/wp-content\/uploads\/2024\/12\/UC-bea62ffb-dd04-451c-a535-203e942186cc-768x571.jpg 768w, https:\/\/teszarypeter.hu\/wp-content\/uploads\/2024\/12\/UC-bea62ffb-dd04-451c-a535-203e942186cc-1536x1142.jpg 1536w\" sizes=\"auto, (max-width: 1600px) 100vw, 1600px\" \/><\/figure><\/div>\n\n\n\n\n\n<div class=\"wp-block-tpgb-tp-image tpgb-image tpgb-block-db11_17\"><figure class=\"tpgb-figure\"><img decoding=\"async\" width=\"1600\" height=\"1190\" src=\"https:\/\/teszarypeter.hu\/wp-content\/uploads\/2024\/12\/UC-0787e7ab-023d-41d1-a30d-46514b0f8705.jpg\" alt=\"Uc 0787e7ab 023d 41d1 A30d 46514b0f8705\" class=\"tpgb-img-inner wp-image-174\" loading=\"lazy\" srcset=\"https:\/\/teszarypeter.hu\/wp-content\/uploads\/2024\/12\/UC-0787e7ab-023d-41d1-a30d-46514b0f8705.jpg 1600w, https:\/\/teszarypeter.hu\/wp-content\/uploads\/2024\/12\/UC-0787e7ab-023d-41d1-a30d-46514b0f8705-300x223.jpg 300w, https:\/\/teszarypeter.hu\/wp-content\/uploads\/2024\/12\/UC-0787e7ab-023d-41d1-a30d-46514b0f8705-1024x762.jpg 1024w, https:\/\/teszarypeter.hu\/wp-content\/uploads\/2024\/12\/UC-0787e7ab-023d-41d1-a30d-46514b0f8705-768x571.jpg 768w, https:\/\/teszarypeter.hu\/wp-content\/uploads\/2024\/12\/UC-0787e7ab-023d-41d1-a30d-46514b0f8705-1536x1142.jpg 1536w\" sizes=\"auto, (max-width: 1600px) 100vw, 1600px\" \/><\/figure><\/div>\n\n\n\n\n\n<div class=\"wp-block-tpgb-tp-image tpgb-image tpgb-block-2a31_17\"><figure class=\"tpgb-figure\"><img decoding=\"async\" width=\"1600\" height=\"1190\" src=\"https:\/\/teszarypeter.hu\/wp-content\/uploads\/2024\/12\/UC-75c23a6b-14db-42b4-86e6-c01949a5babf.jpg\" alt=\"Uc 75c23a6b 14pcs 42b4 86e6 C01949a5babf\" class=\"tpgb-img-inner wp-image-173\" loading=\"lazy\" srcset=\"https:\/\/teszarypeter.hu\/wp-content\/uploads\/2024\/12\/UC-75c23a6b-14db-42b4-86e6-c01949a5babf.jpg 1600w, https:\/\/teszarypeter.hu\/wp-content\/uploads\/2024\/12\/UC-75c23a6b-14db-42b4-86e6-c01949a5babf-300x223.jpg 300w, https:\/\/teszarypeter.hu\/wp-content\/uploads\/2024\/12\/UC-75c23a6b-14db-42b4-86e6-c01949a5babf-1024x762.jpg 1024w, https:\/\/teszarypeter.hu\/wp-content\/uploads\/2024\/12\/UC-75c23a6b-14db-42b4-86e6-c01949a5babf-768x571.jpg 768w, https:\/\/teszarypeter.hu\/wp-content\/uploads\/2024\/12\/UC-75c23a6b-14db-42b4-86e6-c01949a5babf-1536x1142.jpg 1536w\" sizes=\"auto, (max-width: 1600px) 100vw, 1600px\" \/><\/figure><\/div>\n\n\n\n\n\n<div class=\"wp-block-tpgb-tp-image tpgb-image tpgb-block-5861_17\"><figure class=\"tpgb-figure\"><img decoding=\"async\" width=\"1600\" height=\"1190\" src=\"https:\/\/teszarypeter.hu\/wp-content\/uploads\/2024\/12\/UC-226f4bf8-092f-4d6b-b77d-39ffa3a10019.jpg\" alt=\"Uc 226f4bf8 092f 4d6b B77d 39ffa3a10019\" class=\"tpgb-img-inner wp-image-171\" loading=\"lazy\" srcset=\"https:\/\/teszarypeter.hu\/wp-content\/uploads\/2024\/12\/UC-226f4bf8-092f-4d6b-b77d-39ffa3a10019.jpg 1600w, https:\/\/teszarypeter.hu\/wp-content\/uploads\/2024\/12\/UC-226f4bf8-092f-4d6b-b77d-39ffa3a10019-300x223.jpg 300w, https:\/\/teszarypeter.hu\/wp-content\/uploads\/2024\/12\/UC-226f4bf8-092f-4d6b-b77d-39ffa3a10019-1024x762.jpg 1024w, https:\/\/teszarypeter.hu\/wp-content\/uploads\/2024\/12\/UC-226f4bf8-092f-4d6b-b77d-39ffa3a10019-768x571.jpg 768w, https:\/\/teszarypeter.hu\/wp-content\/uploads\/2024\/12\/UC-226f4bf8-092f-4d6b-b77d-39ffa3a10019-1536x1142.jpg 1536w\" sizes=\"auto, (max-width: 1600px) 100vw, 1600px\" \/><\/figure><\/div>","protected":false},"excerpt":{"rendered":"<p>P\u00e9ter Tesz\u00e1ry's CV. Lessons, professional experience, other professional qualifications.<\/p>","protected":false},"author":2,"featured_media":34,"parent":0,"menu_order":0,"comment_status":"closed","ping_status":"closed","template":"","meta":{"slim_seo":{"title":"CV - Tesz\u00e1ry P\u00e9ter","description":"Tesz\u00e1ry P\u00e9ter szakmai \u00f6n\u00e9letrajza. Tanulm\u00e9nyok, szakmai tapasztalat, egy\u00e9b szakmai k\u00e9pes\u00edt\u00e9sek."},"footnotes":""},"class_list":["post-17","page","type-page","status-publish","has-post-thumbnail","hentry"],"_links":{"self":[{"href":"https:\/\/teszarypeter.hu\/en\/wp-json\/wp\/v2\/pages\/17","targetHints":{"allow":["GET"]}}],"collection":[{"href":"https:\/\/teszarypeter.hu\/en\/wp-json\/wp\/v2\/pages"}],"about":[{"href":"https:\/\/teszarypeter.hu\/en\/wp-json\/wp\/v2\/types\/page"}],"author":[{"embeddable":true,"href":"https:\/\/teszarypeter.hu\/en\/wp-json\/wp\/v2\/users\/2"}],"replies":[{"embeddable":true,"href":"https:\/\/teszarypeter.hu\/en\/wp-json\/wp\/v2\/comments?post=17"}],"version-history":[{"count":0,"href":"https:\/\/teszarypeter.hu\/en\/wp-json\/wp\/v2\/pages\/17\/revisions"}],"wp:featuredmedia":[{"embeddable":true,"href":"https:\/\/teszarypeter.hu\/en\/wp-json\/wp\/v2\/media\/34"}],"wp:attachment":[{"href":"https:\/\/teszarypeter.hu\/en\/wp-json\/wp\/v2\/media?parent=17"}],"curies":[{"name":"wp","href":"https:\/\/api.w.org\/{rel}","templated":true}]}}