{"id":319,"date":"2025-02-19T08:38:55","date_gmt":"2025-02-19T08:38:55","guid":{"rendered":"https:\/\/teszarypeter.hu\/?page_id=319"},"modified":"2026-01-27T10:58:31","modified_gmt":"2026-01-27T08:58:31","slug":"kezdolap","status":"publish","type":"page","link":"https:\/\/teszarypeter.hu\/en\/","title":{"rendered":"Home"},"content":{"rendered":"<h1 class=\"wp-block-tpgb-tp-heading alignfull tp-core-heading tpgb-block-5287_319\">Peter Tesz\u00e1ry<\/h1>\n\n\n\n<h3 class=\"wp-block-tpgb-tp-heading alignfull tp-core-heading tpgb-block-d187_319\">My personal blog &amp; page<\/h3>\n\n\n\n\n\n\n<h2 class=\"wp-block-tpgb-tp-heading tp-core-heading tpgb-block-6bdc_319  tpgb-block-h2-style_global39374\">Hi, I'm Peter Tesz\u00e1ry!<\/h2>\n\n\n\n<div class=\"tpgb-pro-paragraph tpgb-block-5c8b_319\"><div class=\"pro-paragraph-inner\"><p>Entrepreneur, WordPress developer, trainer, presenter and fan of open source technologies. The purpose for which I built this site is to share my knowledge and experiments in the world of web development, productivity and modern digital tools.<\/p><\/div><\/div>\n\n\n\n<div class=\"tpgb-pro-paragraph tpgb-block-6bec_319\"><div class=\"pro-paragraph-inner\"><p>I created this platform to give you my years of experience in an easy-to-understand way, whether it's building a complex website, increasing digital efficiency, or installing a home server. I believe in open source solutions and lifelong learning.<\/p><\/div><\/div>\n\n\n\n<div class=\"tpgb-pro-paragraph tpgb-block-0638_319\"><div class=\"pro-paragraph-inner\"><p>In addition, I love to experiment, try new things, methods and technologies. The problem is often that nobody or very few people understand what I'm talking about. That's why I'm posting some of these thoughts here for entertaining educational purposes.<\/p><\/div><\/div>\n\n\n\n<div class=\"wp-block-tpgb-tp-button-core tp-button-core tpgb-block-7c34_319 tpgb-block-tp-button-cta_global36109\"><a href=\"\/en\/blog\/\" target=\"_self\" rel=\"follow noopener\" class=\"tpgb-btn-link\"><span class=\"tpgb-btn-wrap\"><span class=\"tpgb-btn-txt\">Discover the content!<\/span><\/span><\/a><\/div>\n\n\n\n\n\n<div class=\"wp-block-tpgb-tp-image tpgb-image tpgb-block-8f0c_319\"><figure class=\"tpgb-figure\"><img decoding=\"async\" width=\"540\" height=\"1024\" src=\"https:\/\/teszarypeter.hu\/wp-content\/uploads\/2025\/10\/peterteszary-portrait-quality-540x1024-1.png\" alt=\"Peterteszary portrait quality 540x1024\" class=\"tpgb-img-inner wp-image-1453\" loading=\"lazy\" srcset=\"https:\/\/teszarypeter.hu\/wp-content\/uploads\/2025\/10\/peterteszary-portrait-quality-540x1024-1.png 540w, https:\/\/teszarypeter.hu\/wp-content\/uploads\/2025\/10\/peterteszary-portrait-quality-540x1024-1-158x300.png 158w\" sizes=\"auto, (max-width: 540px) 100vw, 540px\" \/><\/figure><\/div>","protected":false},"excerpt":{"rendered":"<p>Entrepreneur, WordPress developer, trainer, presenter and fan of open source technologies. <\/p>","protected":false},"author":2,"featured_media":0,"parent":0,"menu_order":0,"comment_status":"closed","ping_status":"closed","template":"","meta":{"slim_seo":{"description":"V\u00e1llalkoz\u00f3, WordPress fejleszt\u0151, oktat\u00f3, el\u0151ad\u00f3 \u00e9s az open source technol\u00f3gi\u00e1k rajong\u00f3ja.","facebook_image":"https:\/\/teszarypeter.hu\/wp-content\/uploads\/2024\/10\/cropped-gutenberg.jpg","twitter_image":"https:\/\/teszarypeter.hu\/wp-content\/uploads\/2024\/10\/cropped-gutenberg.jpg","title":"Tesz\u00e1ry P\u00e9ter - A szem\u00e9lyes oldalam"},"footnotes":""},"class_list":["post-319","page","type-page","status-publish","hentry"],"_links":{"self":[{"href":"https:\/\/teszarypeter.hu\/en\/wp-json\/wp\/v2\/pages\/319","targetHints":{"allow":["GET"]}}],"collection":[{"href":"https:\/\/teszarypeter.hu\/en\/wp-json\/wp\/v2\/pages"}],"about":[{"href":"https:\/\/teszarypeter.hu\/en\/wp-json\/wp\/v2\/types\/page"}],"author":[{"embeddable":true,"href":"https:\/\/teszarypeter.hu\/en\/wp-json\/wp\/v2\/users\/2"}],"replies":[{"embeddable":true,"href":"https:\/\/teszarypeter.hu\/en\/wp-json\/wp\/v2\/comments?post=319"}],"version-history":[{"count":0,"href":"https:\/\/teszarypeter.hu\/en\/wp-json\/wp\/v2\/pages\/319\/revisions"}],"wp:attachment":[{"href":"https:\/\/teszarypeter.hu\/en\/wp-json\/wp\/v2\/media?parent=319"}],"curies":[{"name":"wp","href":"https:\/\/api.w.org\/{rel}","templated":true}]}}