{"id":508,"date":"2025-07-18T11:34:47","date_gmt":"2025-07-18T11:34:47","guid":{"rendered":"https:\/\/teszarypeter.hu\/?page_id=508"},"modified":"2026-01-28T12:15:46","modified_gmt":"2026-01-28T10:15:46","slug":"hirlevel","status":"publish","type":"page","link":"https:\/\/teszarypeter.hu\/en\/hirlevel\/","title":{"rendered":"Newsletter"},"content":{"rendered":"<div class=\"wp-block-columns is-layout-flex wp-container-core-columns-is-layout-9d6595d7 wp-block-columns-is-layout-flex\">\n<div class=\"wp-block-column is-layout-flow wp-block-column-is-layout-flow\">\n<h3 class=\"wp-block-tpgb-tp-heading tp-core-heading tpgb-block-5c52_508  tpgb-block-h3_global85289\">Sign up for my newsletter so you don't miss anything.<\/h3>\n\n\n\n<div class=\"tpgb-pro-paragraph tpgb-block-1579_508\"><div class=\"pro-paragraph-inner\"><p>If you want to get first-hand information about my new posts and experiments, then this is the place for you. I'll give you useful tips and give you an insight into how I'm all working when I'm not working.<br><\/p><\/div><\/div>\n\n\n\n<h3 class=\"wp-block-tpgb-tp-heading tp-core-heading tpgb-block-350e_508  tpgb-block-h3_global85289\">Or write to me<\/h3>\n\n\n\n<div class=\"tpgb-pro-paragraph tpgb-block-080b_508\"><div class=\"pro-paragraph-inner\"><p>peterteszary@gmail.com\n\n<\/p><\/div><\/div>\n<\/div>\n\n\n\n<div class=\"wp-block-column is-layout-flow wp-block-column-is-layout-flow\">\n\n      <div id=\"bitforms_1_508_1\" class=\"bit-form AH1 Ah1 _frm-bg-b1\">\n      \n          <form novalidate id=\"form-bitforms_1_508_1\" class=\"AF1 AG1 _frm-b1\"  method='post' action=\"\">\n              <input type=\"text\" class=\"d-none\" name=\"csrf\" value=\"zARWEKPaeqWj1Mb7e3Mf6azcb5s8NDqjTbl7cGsdBXI=\">\n              <input type=\"text\" class=\"d-none\" name=\"t_identity\" value=\"kI6aLJuZ1xsBMrjAHAy45kHjjoXJswDvHwAfPX\/1yN0=\">\n              \n              <input type=\"text\" class=\"d-none\" name=\"bitforms_id\" value=\"bitforms_1\">\n                  <div class=\"btcd-fld-itm b1-2\"><div  class=\"I1 M1 N1 O1 b1-2-fld-wrp bf-fld-wrp\">\n  <div  class=\"y1 AC1 AD1 b1-2-lbl-wrp bf-lbl-wrp\"><label  class=\"A1 D1 y1 z1 AA1 AB1 AC1 Ag1 b1-2-lbl bf-lbl\" for=\"b1-2-1\">Surname<span  class=\"z1 AE1 Ag1 b1-2-req-smbl bf-req-smbl\">*<\/span><\/label><\/div>\n  <div  class=\"b1-2-inp-wrp bf-inp-wrp\">\n    <div  class=\"O1 x1 b1-2-inp-fld-wrp bf-inp-fld-wrp\">\n      <input\n        \n        id=\"b1-2-1\"\n        \n        class=\"B1 E1 F1 Z1 a1 b1 c1 d1 e1 f1 g1 h1 i1 j1 k1 l1 m1 n1 o1 p1 q1 r1 s1 t1 u1 v1 w1 AX1 AY1 AZ1 Aa1 Ab1 Ac1 Ad1 Ae1 Af1 b1-2-fld bf-fld\"\n        type=\"text\"\n        required\n placeholder='John Doe'\n        \n        \n        autocomplete='name'\n        \n        name='text-b1-2'\n        \n        \n      \/>\n      \n      \n    <\/div>\n    \n    \n    <div class=\"J1 K1 L1 b1-2-err-wrp bf-err-wrp\" style=\"opacity: 0 !important; height: 0px !important;\">\n  <div class=\"H1 b1-2-err-inner bf-err-inner\">\n    \n      \n      <div   class=\"A1 D1 P1 Q1 R1 S1 T1 U1 V1 W1 X1 Y1 b1-2-err-msg bf-err-msg  I1 b1-2-err-txt bf-err-txt\" style='display: none !important;'><\/div>\n      \n    \n  <\/div>\n<\/div>\n  <\/div>\n<\/div><\/div><div class=\"btcd-fld-itm b1-3\"><div  class=\"I1 M1 N1 O1 b1-3-fld-wrp bf-fld-wrp\">\n  <div  class=\"y1 AC1 AD1 b1-3-lbl-wrp bf-lbl-wrp\"><label  class=\"A1 D1 y1 z1 AA1 AB1 AC1 Ag1 b1-3-lbl bf-lbl\" for=\"b1-3-1\">First name<span  class=\"z1 AE1 Ag1 b1-3-req-smbl bf-req-smbl\">*<\/span><\/label><\/div>\n  <div  class=\"b1-3-inp-wrp bf-inp-wrp\">\n    <div  class=\"O1 x1 b1-3-inp-fld-wrp bf-inp-fld-wrp\">\n      <input\n        \n        id=\"b1-3-1\"\n        \n        class=\"B1 E1 F1 Z1 a1 b1 c1 d1 e1 f1 g1 h1 i1 j1 k1 l1 m1 n1 o1 p1 q1 r1 s1 t1 u1 v1 w1 AX1 AY1 AZ1 Aa1 Ab1 Ac1 Ad1 Ae1 Af1 b1-3-fld bf-fld\"\n        type=\"text\"\n        required\n placeholder='John Doe'\n        \n        \n        autocomplete='name'\n        \n        name='text-b1-3'\n        \n        \n      \/>\n      \n      \n    <\/div>\n    \n    \n    <div class=\"J1 K1 L1 b1-3-err-wrp bf-err-wrp\" style=\"opacity: 0 !important; height: 0px !important;\">\n  <div class=\"H1 b1-3-err-inner bf-err-inner\">\n    \n      \n      <div   class=\"A1 D1 P1 Q1 R1 S1 T1 U1 V1 W1 X1 Y1 b1-3-err-msg bf-err-msg  I1 b1-3-err-txt bf-err-txt\" style='display: none !important;'><\/div>\n      \n    \n  <\/div>\n<\/div>\n  <\/div>\n<\/div><\/div><div class=\"btcd-fld-itm b1-4\"><div  class=\"I1 M1 N1 O1 b1-4-fld-wrp bf-fld-wrp\">\n  <div  class=\"y1 AC1 AD1 b1-4-lbl-wrp bf-lbl-wrp\"><label  class=\"A1 D1 y1 z1 AA1 AB1 AC1 Ag1 b1-4-lbl bf-lbl\" for=\"b1-4-1\">Email<span  class=\"z1 AE1 Ag1 b1-4-req-smbl bf-req-smbl\">*<\/span><\/label><\/div>\n  <div  class=\"b1-4-inp-wrp bf-inp-wrp\">\n    <div  class=\"O1 x1 b1-4-inp-fld-wrp bf-inp-fld-wrp\">\n      <input\n        \n        id=\"b1-4-1\"\n        \n        class=\"B1 E1 F1 Z1 a1 b1 c1 d1 e1 f1 g1 h1 i1 j1 k1 l1 m1 n1 o1 p1 q1 r1 s1 t1 u1 v1 w1 AX1 AY1 AZ1 Aa1 Ab1 Ac1 Ad1 Ae1 Af1 b1-4-fld bf-fld\"\n        type=\"email\"\n        required\n placeholder='example@mail.com'\n        \n        \n        autocomplete='email'\n        \n        name='email-b1-4'\n        \n        \n      \/>\n      \n      \n    <\/div>\n    \n    \n    <div class=\"J1 K1 L1 b1-4-err-wrp bf-err-wrp\" style=\"opacity: 0 !important; height: 0px !important;\">\n  <div class=\"H1 b1-4-err-inner bf-err-inner\">\n    \n      \n      <div   class=\"A1 D1 P1 Q1 R1 S1 T1 U1 V1 W1 X1 Y1 b1-4-err-msg bf-err-msg  I1 b1-4-err-txt bf-err-txt\" style='display: none !important;'><\/div>\n      \n    \n  <\/div>\n<\/div>\n  <\/div>\n<\/div><\/div><div class=\"btcd-fld-itm b1-1\"><div  class=\"I1 M1 N1 O1 b1-1-fld-wrp bf-fld-wrp\">\n  \n  <div  class=\"b1-1-inp-wrp bf-inp-wrp\">\n    <div\n        \n        class=\"D1 b1-1-inp-fld-wrp bf-inp-fld-wrp\"\n      >\n        <button\n          \n          class=\"A1 B1 C1 D1 E1 F1 G1 AI1 AJ1 AK1 AL1 AM1 AN1 Ai1 Aj1 Ak1 b1-1-btn bf-btn\"\n          type=\"submit\"\n          name='button-b1-1'\n          \n        >\n          \n          I'm signing up!\n          \n          <span class=\"bf-spinner d-none\"><\/span>\n        <\/button>\n      <\/div>\n    \n    \n  <\/div>\n<\/div><\/div>\n          <input type=\"hidden\" name=\"etm-form-language\" value=\"en\"\/><\/form>\n          \n          <div id='bf-form-msg-wrp-bitforms_1_508_1'><\/div>\n          <div \n              role=\"dialog\"\n              aria-hidden=\"true\"\n              data-modal-backdrop=\"true\"\n              class=\"A1 D1 G1 AT1 AU1 AV1 msg-container-1 deactive scroll\">\n\t              <div \n                data-contentid=\"bitforms_1_508_1\" \n                data-msgid=\"1\" \n                role=\"button\" \n                class=\"A1 D1 G1 AC1 AS1 msg-background-1 msg-backdrop\">\n\t                <div class=\"bf-msg-content O1 S1 T1 z1 AC1 AW1 Ag1 msg-content-1\">\n\t                  <button \n                       data-contentid=\"bitforms_1_508_1\" \n                       data-msgid=\"1\" \n                       class=\"C1 J1 M1 AO1 AP1 AQ1 Al1 Am1 An1 close-1 bf-msg-close\" \n                       type=\"button\">\n\t                        <svg class=\"AR1 close-icn-1\" viewbox=\"0 0 30 30\">\n\t                        <line fill=\"none\" stroke=\"currentColor\" stroke-linecap=\"round\" stroke-linejoin=\"round\" x1=\"4\" y1=\"3.88\" x2=\"26\" y2=\"26.12\"><\/line>\n\t                        <line fill=\"none\" stroke=\"currentColor\" stroke-linecap=\"round\" stroke-linejoin=\"round\" x1=\"26\" y1=\"3.88\" x2=\"4\" y2=\"26.12\"><\/line>\n\t                        <\/svg>\n\t                  <\/button>\n\t                  <div class=\"msg-content\"><\/div>\n\t                <\/div>\n\t              <\/div>\n\t            <\/div>\n      <\/div>\n       <script id=\"bit-form-bf-globals-bitforms_1_508_1\">\n            \n      if(!window.bf_globals) { \n        window.bf_globals = {} \n      } if(!window.bf_globals.bitforms_1_508_1) { \n        window.bf_globals.bitforms_1_508_1 = {} \n      }\n      if(document.getElementById(\"bitforms_1_508_1\")) {\n        window.bf_globals.bitforms_1_508_1 = { \n          ...window.bf_globals.bitforms_1_508_1, \n          ...{\"ajaxURL\":\"https:\\\/\\\/teszarypeter.hu\\\/wp-admin\\\/admin-ajax.php\",\"nonce\":\"ec47a9c7ac\",\"version\":\"2.21.13\",\"layout\":{\"lg\":[{\"w\":30,\"h\":77,\"x\":0,\"y\":0,\"i\":\"b1-2\",\"moved\":false,\"static\":false},{\"w\":30,\"h\":77,\"x\":30,\"y\":0,\"i\":\"b1-3\",\"moved\":false,\"static\":false},{\"w\":60,\"h\":77,\"x\":0,\"y\":77,\"i\":\"b1-4\",\"minW\":9,\"moved\":false,\"static\":false},{\"w\":60,\"h\":54,\"x\":0,\"y\":154,\"i\":\"b1-1\",\"moved\":false,\"static\":false}],\"md\":[{\"w\":30,\"h\":77,\"x\":0,\"y\":0,\"i\":\"b1-2\",\"moved\":false,\"static\":false},{\"w\":30,\"h\":77,\"x\":30,\"y\":0,\"i\":\"b1-3\",\"moved\":false,\"static\":false},{\"w\":60,\"h\":77,\"x\":0,\"y\":77,\"i\":\"b1-4\",\"minW\":9,\"moved\":false,\"static\":false},{\"w\":60,\"h\":54,\"x\":0,\"y\":154,\"i\":\"b1-1\",\"moved\":false,\"static\":false}],\"sm\":[{\"w\":30,\"h\":77,\"x\":0,\"y\":0,\"i\":\"b1-2\",\"moved\":false,\"static\":false},{\"w\":30,\"h\":77,\"x\":30,\"y\":0,\"i\":\"b1-3\",\"moved\":false,\"static\":false},{\"w\":60,\"h\":77,\"x\":0,\"y\":77,\"i\":\"b1-4\",\"minW\":9,\"moved\":false,\"static\":false},{\"w\":60,\"h\":54,\"x\":0,\"y\":154,\"i\":\"b1-1\",\"moved\":false,\"static\":false}]},\"nestedLayout\":{},\"fields\":{\"b1-1\":{\"typ\":\"button\",\"btnSiz\":\"md\",\"btnTyp\":\"submit\",\"txt\":\"Feliratkozom!\",\"icn\":{\"pos\":\"\",\"url\":\"\"},\"valid\":{},\"customClasses\":{},\"customAttributes\":{},\"fulW\":false,\"fieldName\":\"button-b1-1\"},\"b1-2\":{\"typ\":\"text\",\"lbl\":\"Vezet\\u00e9kn\\u00e9v\",\"phHide\":true,\"valid\":{\"req\":true,\"reqPos\":\"after\",\"reqShow\":true},\"err\":{\"req\":{\"dflt\":\"<p style=\\\"margin:0\\\">This field is required<\\\/p>\",\"show\":true}},\"customClasses\":{},\"customAttributes\":{},\"fieldName\":\"text-b1-2\",\"acHide\":true,\"ac\":\"name\",\"ph\":\"John Doe\"},\"b1-3\":{\"typ\":\"text\",\"lbl\":\"Keresztn\\u00e9v\",\"phHide\":true,\"valid\":{\"req\":true,\"reqPos\":\"after\",\"reqShow\":true},\"err\":{\"req\":{\"dflt\":\"<p style=\\\"margin:0\\\">This field is required<\\\/p>\",\"show\":true}},\"customClasses\":{},\"customAttributes\":{},\"fieldName\":\"text-b1-3\",\"acHide\":true,\"ac\":\"name\",\"ph\":\"John Doe\"},\"b1-4\":{\"typ\":\"email\",\"lbl\":\"Email\",\"ph\":\"example@mail.com\",\"phHide\":true,\"pattern\":\"^[^$_bf_$s@]+@[^$_bf_$s@]+$_bf_$.[^$_bf_$s@]+$\",\"valid\":{\"req\":true,\"reqPos\":\"after\",\"reqShow\":true},\"err\":{\"invalid\":{\"dflt\":\"<p style=\\\"margin:0\\\">Please, enter a valid email address<\\\/p>\",\"show\":true},\"req\":{\"dflt\":\"<p style=\\\"margin:0\\\">This field is required<\\\/p>\",\"show\":true,\"custom\":true,\"msg\":\"<p style=\\\"margin:0\\\">Please enter your email.<\\\/p>\"}},\"customClasses\":{},\"customAttributes\":{},\"fieldName\":\"email-b1-4\",\"acHide\":true,\"ac\":\"email\"}},\"buttons\":\"\",\"fieldsKey\":{\"b1-1\":\"b1-1\",\"b1-2\":\"b1-2\",\"b1-3\":\"b1-3\",\"b1-4\":\"b1-4\"},\"file\":false,\"configs\":{\"bf_separator\":\"__bf__\"},\"formId\":1,\"appID\":\"bitforms_1\",\"GCLID\":false,\"assetUrl\":\"https:\\\/\\\/teszarypeter.hu\\\/wp-content\\\/plugins\\\/bit-form\\\/assets\",\"onfieldCondition\":false,\"smartTags\":{\"_bf_current_time\":\"2026-05-06 16:10:03\",\"_bf_admin_email\":\"peterteszary@gmail.com\",\"_bf_date_default\":\"May 6, 2026\",\"_bf_date.m\\\/d\\\/y\":\"05\\\/06\\\/26\",\"_bf_date.d\\\/m\\\/y\":\"06\\\/05\\\/26\",\"_bf_date.y\\\/m\\\/d\":\"26\\\/05\\\/06\",\"_bf_date.Y-m-d\":\"2026-05-06\",\"_bf_date.d-M, Y\":\"06-May, 2026\",\"_bf_time\":\"4:10 pm\",\"_bf_weekday\":\"Wednesday\",\"_bf_http_referer_url\":\"\",\"_bf_ip_address\":\"216.73.217.60\",\"_bf_browser_name\":\"Bot\",\"_bf_operating_system\":\"\",\"_bf_random_digit\":\"69fb4bbb81099\",\"_bf_user_id\":\"0\",\"_bf_user_first_name\":\" \",\"_bf_user_last_name\":\" \",\"_bf_user_display_name\":\" \",\"_bf_user_nice_name\":\" \",\"_bf_user_login_name\":\" \",\"_bf_user_email\":\" \",\"_bf_user_url\":\" \",\"_bf_current_user_role\":\" \",\"_bf_author_id\":\" \",\"_bf_author_display\":\" \",\"_bf_author_email\":\" \",\"_bf_site_title\":\"Tesz\\u00e1ry P\\u00e9ter\",\"_bf_site_description\":\"A szem\\u00e9lyes oldalam\",\"_bf_site_url\":\"https:\\\/\\\/teszarypeter.hu\\\/en\",\"_bf_wp_local_codes\":\"en-GB\",\"_bf_separator\":\"__bf__\",\"_bf_post_id\":\"\",\"_bf_post_name\":\"\",\"_bf_post_title\":\"\",\"_bf_post_date\":\"\",\"_bf_post_modified_date\":\"\",\"_bf_post_url\":\"\",\"_bf_is_user_logged_in\":\"logged_out\",\"_bf_entry_id\":\"\",\"_bf_back_view\":\"https:\\\/\\\/teszarypeter.hu\\\/en\\\/wp-json\\\/wp\\\/v2\\\/pages\\\/508\"},\"paymentCallbackUrl\":\"https:\\\/\\\/teszarypeter.hu\\\/en\\\/wp-json\\\/bitform\\\/v1\\\/payments\\\/razorpay\",\"gRecaptchaSiteKey\":null,\"gRecaptchaVersion\":null,\"turnstileSiteKey\":null,\"hCaptchaSiteKey\":null,\"formName\":\"Newsletter Signup Form\"}\n        };\n      }       <\/script>\n    \n<\/div>\n<\/div>","protected":false},"excerpt":{"rendered":"","protected":false},"author":2,"featured_media":0,"parent":0,"menu_order":0,"comment_status":"closed","ping_status":"closed","template":"","meta":{"slim_seo":{"title":"H\u00edrlev\u00e9l - Tesz\u00e1ry P\u00e9ter","description":"H\u00edrlev\u00e9l Iratkozz fel a h\u00edrlevelemre, hogy ne maradj le semmir\u0151l. Ha els\u0151 k\u00e9zb\u0151l szeretn\u00e9l \u00e9rtes\u00fclni az \u00faj bejegyz\u00e9sekr\u0151l, k\u00eds\u00e9rleteimr\u0151l, akkor itt a helyed. H"},"footnotes":""},"class_list":["post-508","page","type-page","status-publish","hentry"],"_links":{"self":[{"href":"https:\/\/teszarypeter.hu\/en\/wp-json\/wp\/v2\/pages\/508","targetHints":{"allow":["GET"]}}],"collection":[{"href":"https:\/\/teszarypeter.hu\/en\/wp-json\/wp\/v2\/pages"}],"about":[{"href":"https:\/\/teszarypeter.hu\/en\/wp-json\/wp\/v2\/types\/page"}],"author":[{"embeddable":true,"href":"https:\/\/teszarypeter.hu\/en\/wp-json\/wp\/v2\/users\/2"}],"replies":[{"embeddable":true,"href":"https:\/\/teszarypeter.hu\/en\/wp-json\/wp\/v2\/comments?post=508"}],"version-history":[{"count":0,"href":"https:\/\/teszarypeter.hu\/en\/wp-json\/wp\/v2\/pages\/508\/revisions"}],"wp:attachment":[{"href":"https:\/\/teszarypeter.hu\/en\/wp-json\/wp\/v2\/media?parent=508"}],"curies":[{"name":"wp","href":"https:\/\/api.w.org\/{rel}","templated":true}]}}