{"id":79,"date":"2024-10-23T11:00:39","date_gmt":"2024-10-23T11:00:39","guid":{"rendered":"https:\/\/teszarypeter.hu\/?page_id=79"},"modified":"2025-10-24T13:31:34","modified_gmt":"2025-10-24T11:31:34","slug":"projects","status":"publish","type":"page","link":"https:\/\/teszarypeter.hu\/en\/projects\/","title":{"rendered":"Projects"},"content":{"rendered":"<div class=\"wp-block-group project-container\" style=\"padding-top:var(--wp--preset--spacing--30);padding-bottom:var(--wp--preset--spacing--30)\"><div class=\"wp-block-group__inner-container is-layout-constrained wp-block-group-is-layout-constrained\">\n<h3 class=\"wp-block-tpgb-tp-heading tp-core-heading tpgb-block-7c49_79  tpgb-block-h3_global85289\">RankShock.com<\/h3>\n\n\n\n<p>RankShock is my search engine optimization project. I also created a separate page for it, because it gives you a better chance of finding someone who needs this kind of service. Interesting articles and glossary can be found on the site, where next year, in 2025, I will try to create more active content. rankshock.com<\/p>\n\n\n\n<div class=\"wp-block-tpgb-tp-button-core tp-button-core tpgb-block-6250_79 tpgb-block-tp-button-cta_global36109 tp--button-cta\"><a href=\"https:\/\/rankshock.com\/\" target=\"_self\" rel=\"follow noopener\" class=\"tpgb-btn-link\"><span class=\"tpgb-btn-wrap\"><span class=\"tpgb-btn-txt\">Go to rankshock.com<\/span><\/span><\/a><\/div>\n<\/div><\/div>\n\n\n\n<div class=\"wp-block-group project-container\" style=\"padding-top:var(--wp--preset--spacing--30);padding-bottom:var(--wp--preset--spacing--30)\"><div class=\"wp-block-group__inner-container is-layout-constrained wp-block-group-is-layout-constrained\">\n<h3 class=\"wp-block-tpgb-tp-heading tp-core-heading tpgb-block-1a7d_79  tpgb-block-h3_global85289\">Smile of Hell<\/h3>\n\n\n\n<p>Smile of Hell is a very old love project that goes back to my childhood. It's a musical project that I still do today. Although with less effort now, as the priorities change, I try to make new songs and make my previous work accessible to those who are interested. smileofhell.hu<\/p>\n\n\n\n<div class=\"wp-block-tpgb-tp-button-core tp-button-core tpgb-block-d5c3_79 tpgb-block-tp-button-cta_global36109\"><a href=\"https:\/\/smileofhell.hu\/\" target=\"_self\" rel=\"follow noopener\" class=\"tpgb-btn-link\"><span class=\"tpgb-btn-wrap\"><span class=\"tpgb-btn-txt\">Go to smileofhell.hu<\/span><\/span><\/a><\/div>\n<\/div><\/div>\n\n\n\n<div class=\"wp-block-group project-container\" style=\"padding-top:var(--wp--preset--spacing--30);padding-bottom:var(--wp--preset--spacing--30)\"><div class=\"wp-block-group__inner-container is-layout-constrained wp-block-group-is-layout-constrained\">\n<h3 class=\"wp-block-tpgb-tp-heading tp-core-heading tpgb-block-bc1b_79  tpgb-block-h3_global85289\">EMIT.hu<\/h3>\n\n\n\n<p>EMIT.hu was created because we have always been interested in how we can better manage our time and perform our tasks more efficiently. That's why I'm collecting my experiences and methods on this site, in case they help others. emit.hu<\/p>\n\n\n\n<div class=\"wp-block-tpgb-tp-button-core tp-button-core tpgb-block-6342_79 tpgb-block-tp-button-cta_global36109\"><a href=\"https:\/\/emit.hu\/\" target=\"_self\" rel=\"follow noopener\" class=\"tpgb-btn-link\"><span class=\"tpgb-btn-wrap\"><span class=\"tpgb-btn-txt\">Go to EMIT.hu<\/span><\/span><\/a><\/div>\n<\/div><\/div>\n\n\n\n<div class=\"wp-block-group project-container\" style=\"padding-top:var(--wp--preset--spacing--30);padding-bottom:var(--wp--preset--spacing--30)\"><div class=\"wp-block-group__inner-container is-layout-constrained wp-block-group-is-layout-constrained\">\n<h3 class=\"wp-block-tpgb-tp-heading tp-core-heading tpgb-block-c0f6_79  tpgb-block-h3_global85289\">PurplePie<\/h3>\n\n\n\n<p>PurplePie is an \u2018old\/new\u2019 project. I don't know when, maybe six years ago I booked the domain. Since then, he has been silently waiting for the site to start and, of course, this new adventure. I would like to create a larger-scale business, but now not only alone, but together with others. We want to provide online services to our future clients. purplepie.hu<\/p>\n\n\n\n<div class=\"wp-block-tpgb-tp-button-core tp-button-core tpgb-block-0458_79 tpgb-block-tp-button-cta_global36109\"><a href=\"https:\/\/purplepie.hu\/\" target=\"_self\" rel=\"follow noopener\" class=\"tpgb-btn-link\"><span class=\"tpgb-btn-wrap\"><span class=\"tpgb-btn-txt\">Go to PurplePie<\/span><\/span><\/a><\/div>\n<\/div><\/div>\n\n\n\n<div class=\"wp-block-group project-container\" style=\"padding-top:var(--wp--preset--spacing--30);padding-bottom:var(--wp--preset--spacing--30)\"><div class=\"wp-block-group__inner-container is-layout-constrained wp-block-group-is-layout-constrained\">\n<h3 class=\"wp-block-tpgb-tp-heading tp-core-heading tpgb-block-858d_79  tpgb-block-h3_global85289\">e-academy<\/h3>\n\n\n\n<p>The e-academy is my own online e-learning platform, which is designed to make it easier for me to pass on my knowledge to those who want to learn from me. The platform is still under development, but it is a very challenging one. Unfortunately, I don't have the time to deal with it as much as I would like, but once it's done, I hope it will be useful for those who buy it from here...<\/p>\n\n\n\n<div class=\"wp-block-tpgb-tp-button-core tp-button-core tpgb-block-7e6c_79 tpgb-block-tp-button-cta_global36109\"><a href=\"https:\/\/e-academy.hu\/\" target=\"_self\" rel=\"follow noopener\" class=\"tpgb-btn-link\"><span class=\"tpgb-btn-wrap\"><span class=\"tpgb-btn-txt\">Go to e-academy<\/span><\/span><\/a><\/div>\n<\/div><\/div>\n\n\n\n<div class=\"wp-block-group project-container\" style=\"padding-top:var(--wp--preset--spacing--30);padding-bottom:var(--wp--preset--spacing--30)\"><div class=\"wp-block-group__inner-container is-layout-constrained wp-block-group-is-layout-constrained\">\n<h3 class=\"wp-block-tpgb-tp-heading tp-core-heading tpgb-block-300d_79  tpgb-block-h3_global85289\">peterteszary.com<\/h3>\n\n\n\n<p>peterteszary.com is my sole proprietorship and is currently the foundation of everything. It started during COVID and I have been working on it ever since. I primarily deal with building websites, which meanwhile has expanded with webshops and search engine optimization as well. I love it because it always has something new. This website was born out of this love, because it's always a good thing...<\/p>\n\n\n\n<div class=\"wp-block-tpgb-tp-button-core tp-button-core tpgb-block-f46c_79 tpgb-block-tp-button-cta_global36109\"><a href=\"https:\/\/peterteszary.com\/\" target=\"_self\" rel=\"follow noopener\" class=\"tpgb-btn-link\"><span class=\"tpgb-btn-wrap\"><span class=\"tpgb-btn-txt\">Go to peterteszary.com<\/span><\/span><\/a><\/div>\n<\/div><\/div>","protected":false},"excerpt":{"rendered":"","protected":false},"author":2,"featured_media":0,"parent":0,"menu_order":0,"comment_status":"closed","ping_status":"closed","template":"","meta":{"slim_seo":{"title":"Projects - Tesz\u00e1ry P\u00e9ter","description":"Projects RankShock.com A RankShock a keres\u0151optimaliz\u00e1l\u00e1ssal foglalkoz\u00f3 projektem. L\u00e9trehoztam egy k\u00fcl\u00f6n oldalt is hozz\u00e1, mert \u00edgy nagyobb es\u00e9llyel tal\u00e1l meg az,"},"footnotes":""},"class_list":["post-79","page","type-page","status-publish","hentry"],"_links":{"self":[{"href":"https:\/\/teszarypeter.hu\/en\/wp-json\/wp\/v2\/pages\/79","targetHints":{"allow":["GET"]}}],"collection":[{"href":"https:\/\/teszarypeter.hu\/en\/wp-json\/wp\/v2\/pages"}],"about":[{"href":"https:\/\/teszarypeter.hu\/en\/wp-json\/wp\/v2\/types\/page"}],"author":[{"embeddable":true,"href":"https:\/\/teszarypeter.hu\/en\/wp-json\/wp\/v2\/users\/2"}],"replies":[{"embeddable":true,"href":"https:\/\/teszarypeter.hu\/en\/wp-json\/wp\/v2\/comments?post=79"}],"version-history":[{"count":0,"href":"https:\/\/teszarypeter.hu\/en\/wp-json\/wp\/v2\/pages\/79\/revisions"}],"wp:attachment":[{"href":"https:\/\/teszarypeter.hu\/en\/wp-json\/wp\/v2\/media?parent=79"}],"curies":[{"name":"wp","href":"https:\/\/api.w.org\/{rel}","templated":true}]}}